{"id":1609,"date":"2019-10-24T14:33:35","date_gmt":"2019-10-24T14:33:35","guid":{"rendered":"https:\/\/www.fcapa-valencia.org\/?page_id=1609"},"modified":"2022-12-07T11:09:54","modified_gmt":"2022-12-07T10:09:54","slug":"politica-de-privacidad","status":"publish","type":"page","link":"https:\/\/www.fcapa-valencia.org\/ca\/politica-de-privacidad\/","title":{"rendered":"Pol\u00edtica de privacitat"},"content":{"rendered":"<style type=\"text\/css\" data-created_by=\"avia_inline_auto\" id=\"style-css-av-lbdhnusf-ec9471f56c77d3f6c315671fcc3ad45d\">\n#top .hr.hr-invisible.av-lbdhnusf-ec9471f56c77d3f6c315671fcc3ad45d{\nheight:20px;\n}\n<\/style>\n<div  class='hr av-lbdhnusf-ec9471f56c77d3f6c315671fcc3ad45d hr-invisible  avia-builder-el-0  el_before_av_textblock  avia-builder-el-first'><span class='hr-inner'><span class=\"hr-inner-style\"><\/span><\/span><\/div>\n<section  class='av_textblock_section av-av_textblock-9f1d08d208ea38101768ba4096f09dd7'   itemscope=\"itemscope\" itemtype=\"https:\/\/schema.org\/CreativeWork\" ><div class='avia_textblock'  itemprop=\"text\" ><p>Mitjan\u00e7ant la present Pol\u00edtica de Privasitat o pol\u00edtica de protecci\u00f3 de dades, la Federaci\u00f3 Cat\u00f2lica d'Associacions de Pares d'Alumnes de Val\u00e8ncia (d'ara endavant, FCAPA) informa els usuaris del lloc web: https:\/\/www.fcapa-valencia.org\/, dels usos a qu\u00e8 se sotmeten les dades de car\u00e0cter personal que es demanen en el lloc web, amb la finalitat que decideixi<br \/>\nFCAPA, es reserva la facultat de modificar esta Pol\u00edtica a fi d'adaptar-la a novetats legislatives, criteris jurisprudencials, pr\u00e0ctiques del sector, o interessos de l'entitat.<\/p>\n<h2><strong>Qui \u00e9s el responsable del tractament de les seues dades personals?<\/strong><\/h2>\n<p>La FCAPA \u00e9s qui \u00e9s qui ostenta la condici\u00f3 de Responsable de Tractament, de les dades de car\u00e0cter personal facilitats per l'usuari.<\/p>\n<h2><strong>Amb quina finalitat recaptem les vostres dades personals?<\/strong><\/h2>\n<p>La principal finalitat per la qual recaptem les seues dades personals \u00e9s per a gestionar i atendre les sol\u00b7licituds d'informaci\u00f3, dubtes, queixes, aix\u00ed com con\u00e9ixer l'opini\u00f3 dels usuaris, respecte als servicis associatius prestats per la FCAPA de conformitat als seus fins estatutaris.<\/p>\n<h2><strong>Quina \u00e9s la base jur\u00eddica que legitima el tractament de les seues dades personals? <\/strong><\/h2>\n<p>La base jur\u00eddica que ens legitima per al tractament de les seues dades, en uns casos pot ser el consentiment de les persones interessades que formen part de la FCAPA, en uns altres el compliment d'una obligaci\u00f3 legal per part nostra, o, en uns altres el compliment d'un contracte i\/o relaci\u00f3 comercial.<\/p>\n<p>Quan el tractament es base en el seu consentiment, el mateix s'entendr\u00e0 atorgat de manera inequ\u00edvoca, considerant-se esta aportaci\u00f3 un acte afirmatiu clar per part seua, que manifesta este consentiment.<\/p>\n<h2><strong>Per quant temps conservem les seues dades personals?<\/strong><\/h2>\n<p>Les dades es conservaran durant el temps necessari per a complir amb la finalitat per a la qual es van recaptar, i segons la base jur\u00eddica del tractament de les dades de conformitat amb les obligacions legals, aix\u00ed com per a determinar les possibles responsabilitats que es pogueren derivar d'esta finalitat i del tractament de les dades<\/p>\n<h2><strong>Qui poden ser cessionaris o destinataris de les teues dades personals?<\/strong><\/h2>\n<p>Les dades de car\u00e0cter personal recollits en la web no seran cedits o comunicats a tercers, excepte obligaci\u00f3 legal.<\/p>\n<h2><strong>Transfer\u00e8ncies internacionals<\/strong><\/h2>\n<p>Des de FCAPA, i respecte al tractament de dades realitzades en la web, no es preveu la realitzaci\u00f3 de transfer\u00e8ncies internacionals a tercers pa\u00efsos.<\/p>\n<h2><strong>Quins s\u00f3n els seus drets en protecci\u00f3 de dades i com pot exercir-los?<\/strong><\/h2>\n<p>Per exercir els drets d'acc\u00e9s, rectificaci\u00f3, supressi\u00f3, limitaci\u00f3, portabilitat o, si escau, oposici\u00f3, podreu formular una sol\u00b7licitud per escrit a presentar al carrer Cavallers n\u00ba 29 \u2013 2 (46001 Valencia) o, si escau, enviant la vostra sol\u00b7licitud al correu electr\u00f2nic: fcapa@fcapa-valencia.org<\/p>\n<p>En l'escrit haur\u00e0 d'especificar quin o quins d'estos drets vol que siga satisfet i, al seu torn, haur\u00e0 de mostrar o, en cas d'enviament postal, acompanyar la fotoc\u00f2pia del NIF o document identificatiu equivalent. En cas que actuara mitjan\u00e7ant representant, legal o voluntari, haur\u00e0 d'aportar tamb\u00e9 documente que acredite la representaci\u00f3 i document identificatiu d'este.<\/p>\n<p>Aix\u00ed mateix, si no desitja rebre e-mails de la *FCAPA, nom\u00e9s ha d'enviar un missatge a l'adre\u00e7a de correu electr\u00f2nic indicada manifestant que vol donar-se de baixa.<br \/>\nEn todo caso, podr\u00e1, igualmente, formular reclamaciones ante la Agencia Espa\u00f1ola de Protecci\u00f3n de datos (https:\/\/www.aepd.es\/).<\/p>\n<h2><strong>Mesures de seguretat en el tractament de les seues dades<\/strong><\/h2>\n<p>Finalment s'informa que la FCAPA, adoptar\u00e0 en el seu sistema d'informaci\u00f3 les mesures t\u00e8cniques i organitzatives legalment requerides, a fi de garantir la seguretat i confidencialitat de les dades emmagatzemades, evitant aix\u00ed, la seua alteraci\u00f3, p\u00e8rdua, tractament o acc\u00e9s no autoritzat; tenint en compte l'estat de la t\u00e8cnica, els costos d'aplicaci\u00f3, i la naturalesa, l'abast, el context i els fins del tractament, aix\u00ed com riscos de probabilitat i gravetat variables associades a cada un dels tractaments.<\/p>\n<\/div><\/section>","protected":false},"excerpt":{"rendered":"","protected":false},"author":3,"featured_media":0,"parent":0,"menu_order":0,"comment_status":"closed","ping_status":"closed","template":"","meta":{"footnotes":""},"class_list":["post-1609","page","type-page","status-publish","hentry"],"_links":{"self":[{"href":"https:\/\/www.fcapa-valencia.org\/ca\/wp-json\/wp\/v2\/pages\/1609","targetHints":{"allow":["GET"]}}],"collection":[{"href":"https:\/\/www.fcapa-valencia.org\/ca\/wp-json\/wp\/v2\/pages"}],"about":[{"href":"https:\/\/www.fcapa-valencia.org\/ca\/wp-json\/wp\/v2\/types\/page"}],"author":[{"embeddable":true,"href":"https:\/\/www.fcapa-valencia.org\/ca\/wp-json\/wp\/v2\/users\/3"}],"replies":[{"embeddable":true,"href":"https:\/\/www.fcapa-valencia.org\/ca\/wp-json\/wp\/v2\/comments?post=1609"}],"version-history":[{"count":4,"href":"https:\/\/www.fcapa-valencia.org\/ca\/wp-json\/wp\/v2\/pages\/1609\/revisions"}],"predecessor-version":[{"id":2742,"href":"https:\/\/www.fcapa-valencia.org\/ca\/wp-json\/wp\/v2\/pages\/1609\/revisions\/2742"}],"wp:attachment":[{"href":"https:\/\/www.fcapa-valencia.org\/ca\/wp-json\/wp\/v2\/media?parent=1609"}],"curies":[{"name":"wp","href":"https:\/\/api.w.org\/{rel}","templated":true}]}}