{"id":2491,"date":"2022-11-08T11:13:22","date_gmt":"2022-11-08T10:13:22","guid":{"rendered":"https:\/\/www.fcapa-valencia.org\/?page_id=2491"},"modified":"2024-01-29T18:40:52","modified_gmt":"2024-01-29T17:40:52","slug":"convenios","status":"publish","type":"page","link":"https:\/\/www.fcapa-valencia.org\/ca\/convenios\/","title":{"rendered":"Convenis"},"content":{"rendered":"<style type=\"text\/css\" data-created_by=\"avia_inline_auto\" id=\"style-css-av-lct2s1l4-d662faa4cb05810f61a70a0b7d1a3296\">\n#top .hr.hr-invisible.av-lct2s1l4-d662faa4cb05810f61a70a0b7d1a3296{\nmargin-top:0px;\nheight:1px;\n}\n<\/style>\n<div  class='hr av-lct2s1l4-d662faa4cb05810f61a70a0b7d1a3296 hr-invisible  avia-builder-el-0  el_before_av_section  avia-builder-el-no-sibling  av-desktop-hide av-medium-hide'><span class='hr-inner'><span class=\"hr-inner-style\"><\/span><\/span><\/div>\n<\/div><\/div><\/div><!-- close content main div --><\/div><\/div><div id='av_section_1'  class='avia-section av-2tntgr-fb3c76495e53a1c550a2469d9fc33218 main_color avia-section-default avia-no-border-styling  avia-builder-el-1  el_after_av_hr  avia-builder-el-last  avia-bg-style-scroll container_wrap fullsize'  ><div class='container av-section-cont-open' ><div class='template-page content  av-content-full alpha units'><div class='post-entry post-entry-type-page post-entry-2491'><div class='entry-content-wrapper clearfix'>\n<div id='av-masonry-1' class='av-masonry av-la820vk7-76cb81cb570282a7b6109f615f23c30a noHover av-fixed-size av-1px-gap av-hover-overlay-active av-masonry-animation-active av-masonry-col-flexible av-caption-always av-caption-style-overlay av-masonry-entries' data-post_id=\"2491\"><div class=\"av-masonry-container isotope av-js-disabled\"><div class='av-masonry-entry isotope-item av-masonry-item-no-image all_sort convenios_sort  educacion_sort  fcapa_sort  noticias_sort  nuestras-apas_sort  ocio_sort'><\/div><a href=\"https:\/\/www.fcapa-valencia.org\/ca\/becas-de-estudio\/\"  id='av-masonry-1-item-2227' data-av-masonry-item='2227' class='av-masonry-entry isotope-item post-2227 post type-post status-publish format-standard has-post-thumbnail hentry category-convenios category-educacion category-fcapa category-noticias category-nuestras-apas all_sort convenios_sort  educacion_sort  fcapa_sort  noticias_sort  nuestras-apas_sort  av-masonry-item-with-image' title=\"becas2\"   itemscope=\"itemscope\" itemtype=\"https:\/\/schema.org\/CreativeWork\" ><div class='av-inner-masonry-sizer'><\/div><figure class='av-inner-masonry main_color'><div class=\"av-masonry-outerimage-container\"><div class='av-masonry-image-container' style=\"background-image: url(https:\/\/www.fcapa-valencia.org\/wp-content\/uploads\/2023\/03\/becas2.png);\"  title=\"becas2\"  ><\/div><\/div><figcaption class='av-inner-masonry-content site-background'><div class='av-inner-masonry-content-pos'><div class='av-inner-masonry-content-pos-content'><div class='avia-arrow'><\/div><h3 class='av-masonry-entry-title entry-title'  itemprop=\"headline\" >Beques d'estudi UCV i UCH CEU<\/h3><span class='av-masonry-date meta-color updated'>31\/03\/2026<\/span><span class=\"av-masonry-text-sep text-sep-author\">\/<\/span><span class='av-masonry-author meta-color author'><span class='fn'>by Webmaster<\/span><\/span><\/div><\/div><\/figcaption><\/figure><\/a><!--end av-masonry entry--><a href=\"https:\/\/www.fcapa-valencia.org\/ca\/acuerdo-colaboracion-aquopolis\/\"  id='av-masonry-1-item-10012' data-av-masonry-item='10012' class='av-masonry-entry isotope-item post-10012 post type-post status-publish format-standard has-post-thumbnail hentry category-convenios category-fcapa category-noticias category-nuestras-apas category-ocio all_sort convenios_sort  fcapa_sort  noticias_sort  nuestras-apas_sort  ocio_sort  av-masonry-item-with-image' title=\"aquopolis_banner\"   itemscope=\"itemscope\" itemtype=\"https:\/\/schema.org\/CreativeWork\" ><div class='av-inner-masonry-sizer'><\/div><figure class='av-inner-masonry main_color'><div class=\"av-masonry-outerimage-container\"><div class='av-masonry-image-container' style=\"background-image: url(https:\/\/www.fcapa-valencia.org\/wp-content\/uploads\/2024\/05\/aquopolis_banner-705x332.png);\"  title=\"aquopolis_banner\"  ><\/div><\/div><figcaption class='av-inner-masonry-content site-background'><div class='av-inner-masonry-content-pos'><div class='av-inner-masonry-content-pos-content'><div class='avia-arrow'><\/div><h3 class='av-masonry-entry-title entry-title'  itemprop=\"headline\" >Acord col\u00b7laboraci\u00f3 Aquopolis<\/h3><span class='av-masonry-date meta-color updated'>22\/05\/2025<\/span><span class=\"av-masonry-text-sep text-sep-author\">\/<\/span><span class='av-masonry-author meta-color author'><span class='fn'>by Webmaster<\/span><\/span><\/div><\/div><\/figcaption><\/figure><\/a><!--end av-masonry entry--><a href=\"https:\/\/www.fcapa-valencia.org\/ca\/convenio-banco-sabadell\/\"  id='av-masonry-1-item-3579' data-av-masonry-item='3579' class='av-masonry-entry isotope-item post-3579 post type-post status-publish format-standard has-post-thumbnail hentry category-convenios category-fcapa category-noticias category-nuestras-apas all_sort convenios_sort  fcapa_sort  noticias_sort  nuestras-apas_sort  av-masonry-item-with-image' title=\"foro_fima_convenio_sabadell_1\"   itemscope=\"itemscope\" itemtype=\"https:\/\/schema.org\/CreativeWork\" ><div class='av-inner-masonry-sizer'><\/div><figure class='av-inner-masonry main_color'><div class=\"av-masonry-outerimage-container\"><div class='av-masonry-image-container' style=\"background-image: url(https:\/\/www.fcapa-valencia.org\/wp-content\/uploads\/2024\/01\/foro_fima_convenio_sabadell_1-705x529.jpg);\"  title=\"foro_fima_convenio_sabadell_1\"  ><\/div><\/div><figcaption class='av-inner-masonry-content site-background'><div class='av-inner-masonry-content-pos'><div class='av-inner-masonry-content-pos-content'><div class='avia-arrow'><\/div><h3 class='av-masonry-entry-title entry-title'  itemprop=\"headline\" >Conveni Banc Sabadell<\/h3><span class='av-masonry-date meta-color updated'>25\/01\/2024<\/span><span class=\"av-masonry-text-sep text-sep-author\">\/<\/span><span class='av-masonry-author meta-color author'><span class='fn'>by Webmaster<\/span><\/span><\/div><\/div><\/figcaption><\/figure><\/a><!--end av-masonry entry--><a href=\"https:\/\/www.fcapa-valencia.org\/ca\/convenio-especifico-de-colaboracion-con-las-clinicas-de-la-ucv\/\"  id='av-masonry-1-item-2136' data-av-masonry-item='2136' class='av-masonry-entry isotope-item post-2136 post type-post status-publish format-standard has-post-thumbnail hentry category-convenios category-fcapa category-nuestras-apas all_sort convenios_sort  fcapa_sort  nuestras-apas_sort  av-masonry-item-with-image' title=\"convenio becas excelencia\"   itemscope=\"itemscope\" itemtype=\"https:\/\/schema.org\/CreativeWork\" ><div class='av-inner-masonry-sizer'><\/div><figure class='av-inner-masonry main_color'><div class=\"av-masonry-outerimage-container\"><div class='av-masonry-image-container' style=\"background-image: url(https:\/\/www.fcapa-valencia.org\/wp-content\/uploads\/2019\/12\/convenioinclusiva-e1588752443639.jpg);\"  title=\"convenio becas excelencia\"  ><\/div><\/div><figcaption class='av-inner-masonry-content site-background'><div class='av-inner-masonry-content-pos'><div class='av-inner-masonry-content-pos-content'><div class='avia-arrow'><\/div><h3 class='av-masonry-entry-title entry-title'  itemprop=\"headline\" >Conveni espec\u00edfic de col\u00b7laboraci\u00f3 amb les Cl\u00edniques de la UCV<\/h3><span class='av-masonry-date meta-color updated'>24\/11\/2021<\/span><span class=\"av-masonry-text-sep text-sep-author\">\/<\/span><span class='av-masonry-author meta-color author'><span class='fn'>by Webmaster<\/span><\/span><\/div><\/div><\/figcaption><\/figure><\/a><!--end av-masonry entry--><a href=\"https:\/\/www.fcapa-valencia.org\/ca\/entrega-premios-tfm-sobre-educacion-inclusiva-convenio-colaboracion-asindown-ucv-y-fcapa\/\"  id='av-masonry-1-item-2054' data-av-masonry-item='2054' class='av-masonry-entry isotope-item post-2054 post type-post status-publish format-standard has-post-thumbnail hentry category-convenios category-educacion category-fcapa all_sort convenios_sort  educacion_sort  fcapa_sort  av-masonry-item-with-image' title=\"premios_tfm\"   itemscope=\"itemscope\" itemtype=\"https:\/\/schema.org\/CreativeWork\" ><div class='av-inner-masonry-sizer'><\/div><figure class='av-inner-masonry main_color'><div class=\"av-masonry-outerimage-container\"><div class='av-masonry-image-container' style=\"background-image: url(https:\/\/www.fcapa-valencia.org\/wp-content\/uploads\/2021\/04\/premios_tfm.jpg);\"  title=\"premios_tfm\"  ><\/div><\/div><figcaption class='av-inner-masonry-content site-background'><div class='av-inner-masonry-content-pos'><div class='av-inner-masonry-content-pos-content'><div class='avia-arrow'><\/div><h3 class='av-masonry-entry-title entry-title'  itemprop=\"headline\" >Entrega Premis TFM sobre Educaci\u00f3 Inclusiva \u2013 Conveni col\u00b7laboraci\u00f3 Asindown, UCV i FCAPA<\/h3><span class='av-masonry-date meta-color updated'>30\/04\/2021<\/span><span class=\"av-masonry-text-sep text-sep-author\">\/<\/span><span class='av-masonry-author meta-color author'><span class='fn'>by Webmaster<\/span><\/span><\/div><\/div><\/figcaption><\/figure><\/a><!--end av-masonry entry--><a href=\"https:\/\/www.fcapa-valencia.org\/ca\/entrega-becas-de-excelencia-convenio-colaboracion-fcapa-y-ucv\/\"  id='av-masonry-1-item-1946' data-av-masonry-item='1946' class='av-masonry-entry isotope-item post-1946 post type-post status-publish format-standard has-post-thumbnail hentry category-convenios category-educacion category-fcapa category-nuestras-apas all_sort convenios_sort  educacion_sort  fcapa_sort  nuestras-apas_sort  av-masonry-item-with-image' title=\"concesion_becas_ucv\"   itemscope=\"itemscope\" itemtype=\"https:\/\/schema.org\/CreativeWork\" ><div class='av-inner-masonry-sizer'><\/div><figure class='av-inner-masonry main_color'><div class=\"av-masonry-outerimage-container\"><div class='av-masonry-image-container' style=\"background-image: url(https:\/\/www.fcapa-valencia.org\/wp-content\/uploads\/2020\/07\/concesion_becas_ucv-705x470.jpg);\"  title=\"concesion_becas_ucv\"  ><\/div><\/div><figcaption class='av-inner-masonry-content site-background'><div class='av-inner-masonry-content-pos'><div class='av-inner-masonry-content-pos-content'><div class='avia-arrow'><\/div><h3 class='av-masonry-entry-title entry-title'  itemprop=\"headline\" >Entrega Beques d'Excel\u00b7l\u00e8ncia \u2013 Conveni col\u00b7laboraci\u00f3 FCAPA i UCV<\/h3><span class='av-masonry-date meta-color updated'>15\/07\/2020<\/span><span class=\"av-masonry-text-sep text-sep-author\">\/<\/span><span class='av-masonry-author meta-color author'><span class='fn'>by Webmaster<\/span><\/span><\/div><\/div><\/figcaption><\/figure><\/a><!--end av-masonry entry--><a href=\"https:\/\/www.fcapa-valencia.org\/ca\/convenio-especifico-de-colaboracion-con-la-ucv-becas-excelencia\/\"  id='av-masonry-1-item-1973' data-av-masonry-item='1973' class='av-masonry-entry isotope-item post-1973 post type-post status-publish format-standard has-post-thumbnail hentry category-convenios category-educacion category-fcapa category-noticias category-nuestras-apas all_sort convenios_sort  educacion_sort  fcapa_sort  noticias_sort  nuestras-apas_sort  av-masonry-item-with-image' title=\"convenio becas excelencia\"   itemscope=\"itemscope\" itemtype=\"https:\/\/schema.org\/CreativeWork\" ><div class='av-inner-masonry-sizer'><\/div><figure class='av-inner-masonry main_color'><div class=\"av-masonry-outerimage-container\"><div class='av-masonry-image-container' style=\"background-image: url(https:\/\/www.fcapa-valencia.org\/wp-content\/uploads\/2019\/12\/convenioinclusiva-e1588752443639.jpg);\"  title=\"convenio becas excelencia\"  ><\/div><\/div><figcaption class='av-inner-masonry-content site-background'><div class='av-inner-masonry-content-pos'><div class='av-inner-masonry-content-pos-content'><div class='avia-arrow'><\/div><h3 class='av-masonry-entry-title entry-title'  itemprop=\"headline\" >Conveni espec\u00edfic de col\u00b7laboraci\u00f3 amb la UCV \u2013 Beques Excel\u00b7l\u00e8ncia<\/h3><span class='av-masonry-date meta-color updated'>05\/05\/2020<\/span><span class=\"av-masonry-text-sep text-sep-author\">\/<\/span><span class='av-masonry-author meta-color author'><span class='fn'>by Webmaster<\/span><\/span><\/div><\/div><\/figcaption><\/figure><\/a><!--end av-masonry entry--><a href=\"https:\/\/www.fcapa-valencia.org\/ca\/la-ucv-asindown-y-fcapa-crean-los-premios-tfm-sobre-educacion-inclusiva\/\"  id='av-masonry-1-item-1716' data-av-masonry-item='1716' class='av-masonry-entry isotope-item post-1716 post type-post status-publish format-standard has-post-thumbnail hentry category-convenios category-educacion category-fcapa all_sort convenios_sort  educacion_sort  fcapa_sort  av-masonry-item-with-image' title=\"convenioinclusiva\"   itemscope=\"itemscope\" itemtype=\"https:\/\/schema.org\/CreativeWork\" ><div class='av-inner-masonry-sizer'><\/div><figure class='av-inner-masonry main_color'><div class=\"av-masonry-outerimage-container\"><div class='av-masonry-image-container' style=\"background-image: url(https:\/\/www.fcapa-valencia.org\/wp-content\/uploads\/2019\/12\/convenioinclusiva-1.jpg);\"  title=\"convenioinclusiva\"  ><\/div><\/div><figcaption class='av-inner-masonry-content site-background'><div class='av-inner-masonry-content-pos'><div class='av-inner-masonry-content-pos-content'><div class='avia-arrow'><\/div><h3 class='av-masonry-entry-title entry-title'  itemprop=\"headline\" >La UCV, Asindown i FCAPA creen els Premis TFM sobre Educaci\u00f3 Inclusiva<\/h3><span class='av-masonry-date meta-color updated'>17\/12\/2019<\/span><span class=\"av-masonry-text-sep text-sep-author\">\/<\/span><span class='av-masonry-author meta-color author'><span class='fn'>by Webmaster<\/span><\/span><\/div><\/div><\/figcaption><\/figure><\/a><!--end av-masonry entry--><a href=\"https:\/\/www.fcapa-valencia.org\/ca\/convenio-seguros-responsabilidad-civil\/\"  id='av-masonry-1-item-1859' data-av-masonry-item='1859' class='av-masonry-entry isotope-item post-1859 post type-post status-publish format-standard has-post-thumbnail hentry category-convenios category-fcapa category-noticias category-nuestras-apas all_sort convenios_sort  fcapa_sort  noticias_sort  nuestras-apas_sort  av-masonry-item-with-image' title=\"logo_umas_p\"   itemscope=\"itemscope\" itemtype=\"https:\/\/schema.org\/CreativeWork\" ><div class='av-inner-masonry-sizer'><\/div><figure class='av-inner-masonry main_color'><div class=\"av-masonry-outerimage-container\"><div class='av-masonry-image-container' style=\"background-image: url(https:\/\/www.fcapa-valencia.org\/wp-content\/uploads\/2010\/04\/logo_umas_p.png);\"  title=\"logo_umas_p\"  ><\/div><\/div><figcaption class='av-inner-masonry-content site-background'><div class='av-inner-masonry-content-pos'><div class='av-inner-masonry-content-pos-content'><div class='avia-arrow'><\/div><h3 class='av-masonry-entry-title entry-title'  itemprop=\"headline\" >Conveni segurs responsabilitat civil<\/h3><span class='av-masonry-date meta-color updated'>22\/04\/2010<\/span><span class=\"av-masonry-text-sep text-sep-author\">\/<\/span><span class='av-masonry-author meta-color author'><span class='fn'>by Webmaster<\/span><\/span><\/div><\/div><\/figcaption><\/figure><\/a><!--end av-masonry entry--><a href=\"https:\/\/www.fcapa-valencia.org\/ca\/la-universidad-catolica-de-valencia-y-fcapa-acuerdan-iniciar-proyectos-de-familia-y-educacion\/\"  id='av-masonry-1-item-171' data-av-masonry-item='171' class='av-masonry-entry isotope-item post-171 post type-post status-publish format-standard hentry category-convenios all_sort convenios_sort  av-masonry-item-no-image' title=\"La Universitat Cat\u00f2lica de Val\u00e8ncia i FCAPA acorden iniciar projectes de fam\u00edlia i educaci\u00f3\"   itemscope=\"itemscope\" itemtype=\"https:\/\/schema.org\/CreativeWork\" ><div class='av-inner-masonry-sizer'><\/div><figure class='av-inner-masonry main_color'><figcaption class='av-inner-masonry-content site-background'><div class='av-inner-masonry-content-pos'><div class='av-inner-masonry-content-pos-content'><div class='avia-arrow'><\/div><h3 class='av-masonry-entry-title entry-title'  itemprop=\"headline\" >La Universitat Cat\u00f2lica de Val\u00e8ncia i FCAPA acorden iniciar projectes de fam\u00edlia i educaci\u00f3<\/h3><span class='av-masonry-date meta-color updated'>29\/11\/2008<\/span><span class=\"av-masonry-text-sep text-sep-author\">\/<\/span><span class='av-masonry-author meta-color author'><span class='fn'>by Admin<\/span><\/span><\/div><\/div><\/figcaption><\/figure><\/a><!--end av-masonry entry--><a href=\"https:\/\/www.fcapa-valencia.org\/ca\/convenios-de-colaboracion\/\"  id='av-masonry-1-item-1785' data-av-masonry-item='1785' class='av-masonry-entry isotope-item post-1785 post type-post status-publish format-standard has-post-thumbnail hentry category-convenios category-fcapa category-nuestras-apas all_sort convenios_sort  fcapa_sort  nuestras-apas_sort  av-masonry-item-with-image' title=\"convenio becas excelencia\"   itemscope=\"itemscope\" itemtype=\"https:\/\/schema.org\/CreativeWork\" ><div class='av-inner-masonry-sizer'><\/div><figure class='av-inner-masonry main_color'><div class=\"av-masonry-outerimage-container\"><div class='av-masonry-image-container' style=\"background-image: url(https:\/\/www.fcapa-valencia.org\/wp-content\/uploads\/2019\/12\/convenioinclusiva-e1588752443639.jpg);\"  title=\"convenio becas excelencia\"  ><\/div><\/div><figcaption class='av-inner-masonry-content site-background'><div class='av-inner-masonry-content-pos'><div class='av-inner-masonry-content-pos-content'><div class='avia-arrow'><\/div><h3 class='av-masonry-entry-title entry-title'  itemprop=\"headline\" >Convenis de col\u00b7laboraci\u00f3<\/h3><span class='av-masonry-date meta-color updated'>07\/01\/2006<\/span><span class=\"av-masonry-text-sep text-sep-author\">\/<\/span><span class='av-masonry-author meta-color author'><span class='fn'>by Webmaster<\/span><\/span><\/div><\/div><\/figcaption><\/figure><\/a><!--end av-masonry entry--><a href=\"https:\/\/www.fcapa-valencia.org\/ca\/becas-de-estudio-ceu-y-concapa-cv\/\"  id='av-masonry-1-item-1847' data-av-masonry-item='1847' class='av-masonry-entry isotope-item post-1847 post type-post status-publish format-standard has-post-thumbnail hentry category-convenios category-educacion category-fcapa category-noticias category-nuestras-apas all_sort convenios_sort  educacion_sort  fcapa_sort  noticias_sort  nuestras-apas_sort  av-masonry-item-with-image' title=\"logo_ceu\"   itemscope=\"itemscope\" itemtype=\"https:\/\/schema.org\/CreativeWork\" ><div class='av-inner-masonry-sizer'><\/div><figure class='av-inner-masonry main_color'><div class=\"av-masonry-outerimage-container\"><div class='av-masonry-image-container' style=\"background-image: url(https:\/\/www.fcapa-valencia.org\/wp-content\/uploads\/2020\/05\/logo_ceu.jpg);\"  title=\"logo_ceu\"  ><\/div><\/div><figcaption class='av-inner-masonry-content site-background'><div class='av-inner-masonry-content-pos'><div class='av-inner-masonry-content-pos-content'><div class='avia-arrow'><\/div><h3 class='av-masonry-entry-title entry-title'  itemprop=\"headline\" >Beques d'estudi CEU i CONCAPA-CV<\/h3><span class='av-masonry-date meta-color updated'>01\/01\/2006<\/span><span class=\"av-masonry-text-sep text-sep-author\">\/<\/span><span class='av-masonry-author meta-color author'><span class='fn'>by Webmaster<\/span><\/span><\/div><\/div><\/figcaption><\/figure><\/a><!--end av-masonry entry--><\/div><\/div>","protected":false},"excerpt":{"rendered":"","protected":false},"author":5,"featured_media":0,"parent":0,"menu_order":0,"comment_status":"closed","ping_status":"closed","template":"","meta":{"footnotes":""},"class_list":["post-2491","page","type-page","status-publish","hentry"],"_links":{"self":[{"href":"https:\/\/www.fcapa-valencia.org\/ca\/wp-json\/wp\/v2\/pages\/2491","targetHints":{"allow":["GET"]}}],"collection":[{"href":"https:\/\/www.fcapa-valencia.org\/ca\/wp-json\/wp\/v2\/pages"}],"about":[{"href":"https:\/\/www.fcapa-valencia.org\/ca\/wp-json\/wp\/v2\/types\/page"}],"author":[{"embeddable":true,"href":"https:\/\/www.fcapa-valencia.org\/ca\/wp-json\/wp\/v2\/users\/5"}],"replies":[{"embeddable":true,"href":"https:\/\/www.fcapa-valencia.org\/ca\/wp-json\/wp\/v2\/comments?post=2491"}],"version-history":[{"count":5,"href":"https:\/\/www.fcapa-valencia.org\/ca\/wp-json\/wp\/v2\/pages\/2491\/revisions"}],"predecessor-version":[{"id":3594,"href":"https:\/\/www.fcapa-valencia.org\/ca\/wp-json\/wp\/v2\/pages\/2491\/revisions\/3594"}],"wp:attachment":[{"href":"https:\/\/www.fcapa-valencia.org\/ca\/wp-json\/wp\/v2\/media?parent=2491"}],"curies":[{"name":"wp","href":"https:\/\/api.w.org\/{rel}","templated":true}]}}