{"id":2518,"date":"2022-11-08T12:07:52","date_gmt":"2022-11-08T11:07:52","guid":{"rendered":"https:\/\/www.fcapa-valencia.org\/?page_id=2518"},"modified":"2023-03-02T10:14:25","modified_gmt":"2023-03-02T09:14:25","slug":"revistas","status":"publish","type":"page","link":"https:\/\/www.fcapa-valencia.org\/ca\/revistas\/","title":{"rendered":"Revista"},"content":{"rendered":"<div id='av_section_1'  class='avia-section av-2w3p2e-51c55b8a6b24790d88f2fd56273562f6 main_color avia-section-default avia-no-border-styling  avia-builder-el-0  avia-builder-el-no-sibling  avia-bg-style-scroll container_wrap fullsize'  ><div class='container av-section-cont-open' ><main  role=\"main\" itemprop=\"mainContentOfPage\"  class='template-page content  av-content-full alpha units'><div class='post-entry post-entry-type-page post-entry-2518'><div class='entry-content-wrapper clearfix'>\n<div  class='av-alb-blogposts template-blog'  itemscope=\"itemscope\" itemtype=\"https:\/\/schema.org\/Blog\" ><article class=\"post-entry post-entry-type-standard post-entry-484 post-loop-1 post-parity-odd post-entry-last single-small with-slider post-484 post type-post status-publish format-standard has-post-thumbnail hentry category-revista-fcapa-informa\"  itemscope=\"itemscope\" itemtype=\"https:\/\/schema.org\/BlogPosting\" ><div class=\"blog-meta\"><a href='https:\/\/www.fcapa-valencia.org\/ca\/ultimo-numero-fcapa-informa\/' class='small-preview'  title=\"portadar29\"   itemprop=\"image\" itemscope=\"itemscope\" itemtype=\"https:\/\/schema.org\/ImageObject\" ><img decoding=\"async\" loading=\"lazy\" width=\"396\" height=\"561\" src=\"https:\/\/www.fcapa-valencia.org\/wp-content\/uploads\/2024\/09\/portadar29.jpg\" class=\"wp-image-15786 avia-img-lazy-loading-15786 attachment-no scaling size-no scaling wp-post-image\" alt=\"\" srcset=\"https:\/\/www.fcapa-valencia.org\/wp-content\/uploads\/2024\/09\/portadar29.jpg 396w, https:\/\/www.fcapa-valencia.org\/wp-content\/uploads\/2024\/09\/portadar29-212x300.jpg 212w\" sizes=\"auto, (max-width: 396px) 100vw, 396px\" \/><span class=\"iconfont\" aria-hidden='true' data-av_icon='\ue836' data-av_iconfont='entypo-fontello'><\/span><\/a><\/div><div class='entry-content-wrapper clearfix standard-content'><header class=\"entry-content-header\"><h2 class='post-title entry-title'  itemprop=\"headline\" ><a href=\"https:\/\/www.fcapa-valencia.org\/ca\/ultimo-numero-fcapa-informa\/\" rel=\"bookmark\" title=\"Permanent Link: \u00daltimo n\u00famero Revista FCAPA Informa\">\u00daltim n\u00famero Revista FCAPA Informa<span class=\"post-format-icon minor-meta\"><\/span><\/a><\/h2><span class=\"post-meta-infos\"><time class=\"date-container minor-meta updated\"  itemprop=\"datePublished\" datetime=\"2024-09-19T12:03:07+01:00\" >19\/09\/2024<\/time><span class=\"text-sep\">\/<\/span><span class=\"blog-categories minor-meta\">in <a href=\"https:\/\/www.fcapa-valencia.org\/ca\/category\/revista-fcapa-informa\/\" rel=\"tag\">Revista FCAPA Informa<\/a><\/span><span class=\"text-sep\">\/<\/span><span class=\"blog-author minor-meta\">by <span class=\"entry-author-link\"  itemprop=\"author\" ><span class=\"author\"><span class=\"fn\"><a href=\"https:\/\/www.fcapa-valencia.org\/ca\/author\/joltra\/\" title=\"Entrades de Admin\" rel=\"author\">Admin<\/a><\/span><\/span><\/span><\/span><\/span><\/header><div class=\"entry-content\"  itemprop=\"text\" >\n<figure class=\"wp-block-image alignleft size-full\"><img loading=\"lazy\" decoding=\"async\" width=\"396\" height=\"561\" src=\"https:\/\/www.fcapa-valencia.org\/wp-content\/uploads\/2024\/09\/portadar29.jpg\" alt=\"\" class=\"wp-image-15786\" srcset=\"https:\/\/www.fcapa-valencia.org\/wp-content\/uploads\/2024\/09\/portadar29.jpg 396w, https:\/\/www.fcapa-valencia.org\/wp-content\/uploads\/2024\/09\/portadar29-212x300.jpg 212w\" sizes=\"auto, (max-width: 396px) 100vw, 396px\" \/><\/figure>\n\n\n\n<p>\u00daltim n\u00famero de la revista FCAPA informa de la Federaci\u00f3. Des d'aquesta p\u00e0gina podr\u00e0s llegir online la revista, descarregar-la en format PDF o consultar n\u00fameros anteriors publicats.<\/p>\n\n\n\n<p>|\u00a0 <a href=\"https:\/\/www.fcapa-valencia.org\/wp-content\/uploads\/2024\/09\/revista_septiembre_24.pdf\" target=\"_blank\" rel=\"noreferrer noopener\">Descarrega revista<\/a>\u00a0 |\u00a0 <a href=\"http:\/\/www.fcapa-valencia.org\/ca\/?p=481\" target=\"_blank\" rel=\"noreferrer noopener\">Veure n\u00fameros anteriors<\/a>\u00a0 |<\/p>\n<\/div><footer class=\"entry-footer\"><\/footer><div class='post_delimiter'><\/div><\/div><div class=\"post_author_timeline\"><\/div><span class='hidden'>\n\t\t\t\t<span class='av-structured-data'  itemprop=\"image\" itemscope=\"itemscope\" itemtype=\"https:\/\/schema.org\/ImageObject\" >\n\t\t\t\t\t\t<span itemprop='url'>https:\/\/www.fcapa-valencia.org\/wp-content\/uploads\/2024\/09\/portadar29.jpg<\/span>\n\t\t\t\t\t\t<span itemprop='height'>561<\/span>\n\t\t\t\t\t\t<span itemprop='width'>396<\/span>\n\t\t\t\t<\/span>\n\t\t\t\t<span class='av-structured-data'  itemprop=\"publisher\" itemtype=\"https:\/\/schema.org\/Organization\" itemscope=\"itemscope\" >\n\t\t\t\t\t\t<span itemprop='name'>Admin<\/span>\n\t\t\t\t\t\t<span itemprop='logo' itemscope itemtype='https:\/\/schema.org\/ImageObject'>\n\t\t\t\t\t\t\t<span itemprop='url'>https:\/\/www.fcapa-valencia.org\/wp-content\/uploads\/2022\/11\/Logo-plano-282x300.png<\/span>\n\t\t\t\t\t\t<\/span>\n\t\t\t\t<\/span><span class='av-structured-data'  itemprop=\"author\" itemscope=\"itemscope\" itemtype=\"https:\/\/schema.org\/Person\" ><span itemprop='name'>Admin<\/span><\/span><span class='av-structured-data'  itemprop=\"datePublished\" datetime=\"2024-09-19T12:03:07+01:00\" >2024-09-19 12:03:07<\/span><span class='av-structured-data'  itemprop=\"dateModified\" itemtype=\"https:\/\/schema.org\/dateModified\" >2024-09-19 12:04:18<\/span><span class='av-structured-data'  itemprop=\"mainEntityOfPage\" itemtype=\"https:\/\/schema.org\/mainEntityOfPage\" ><span itemprop='name'>\u00daltim n\u00famero Revista FCAPA Informa<\/span><\/span><\/span><\/article><\/div>","protected":false},"excerpt":{"rendered":"","protected":false},"author":5,"featured_media":0,"parent":0,"menu_order":0,"comment_status":"closed","ping_status":"closed","template":"","meta":{"footnotes":""},"class_list":["post-2518","page","type-page","status-publish","hentry"],"_links":{"self":[{"href":"https:\/\/www.fcapa-valencia.org\/ca\/wp-json\/wp\/v2\/pages\/2518","targetHints":{"allow":["GET"]}}],"collection":[{"href":"https:\/\/www.fcapa-valencia.org\/ca\/wp-json\/wp\/v2\/pages"}],"about":[{"href":"https:\/\/www.fcapa-valencia.org\/ca\/wp-json\/wp\/v2\/types\/page"}],"author":[{"embeddable":true,"href":"https:\/\/www.fcapa-valencia.org\/ca\/wp-json\/wp\/v2\/users\/5"}],"replies":[{"embeddable":true,"href":"https:\/\/www.fcapa-valencia.org\/ca\/wp-json\/wp\/v2\/comments?post=2518"}],"version-history":[{"count":15,"href":"https:\/\/www.fcapa-valencia.org\/ca\/wp-json\/wp\/v2\/pages\/2518\/revisions"}],"predecessor-version":[{"id":3168,"href":"https:\/\/www.fcapa-valencia.org\/ca\/wp-json\/wp\/v2\/pages\/2518\/revisions\/3168"}],"wp:attachment":[{"href":"https:\/\/www.fcapa-valencia.org\/ca\/wp-json\/wp\/v2\/media?parent=2518"}],"curies":[{"name":"wp","href":"https:\/\/api.w.org\/{rel}","templated":true}]}}