{"id":2548,"date":"2022-11-08T13:51:25","date_gmt":"2022-11-08T12:51:25","guid":{"rendered":"https:\/\/www.fcapa-valencia.org\/?page_id=2548"},"modified":"2023-01-12T12:05:55","modified_gmt":"2023-01-12T11:05:55","slug":"federate","status":"publish","type":"page","link":"https:\/\/www.fcapa-valencia.org\/ca\/federate\/","title":{"rendered":"Federa't"},"content":{"rendered":"<style type=\"text\/css\" data-created_by=\"avia_inline_auto\" id=\"style-css-av-la87r24p-827d977d3d6f435f24726ca6271ed15f\">\n#top .hr.hr-invisible.av-la87r24p-827d977d3d6f435f24726ca6271ed15f{\nheight:50px;\n}\n<\/style>\n<div  class='hr av-la87r24p-827d977d3d6f435f24726ca6271ed15f hr-invisible  avia-builder-el-0  el_before_av_layout_row  avia-builder-el-no-sibling'><span class='hr-inner'><span class=\"hr-inner-style\"><\/span><\/span><\/div>\n<\/div><\/div><\/div><!-- close content main div --><\/div><\/div><div id='av-layout-grid-1'  class='av-layout-grid-container av-6emb50-0c04f8af3fc3626190df555bd30069f5 entry-content-wrapper main_color av-flex-cells  avia-builder-el-1  el_after_av_hr  avia-builder-el-last  grid-row-not-first  container_wrap fullsize'  >\n<div class='flex_cell av-4hhvt0-11858c0002d89614a98d0a59bfaae4c9 av-gridrow-cell av_one_full no_margin  avia-builder-el-2  avia-builder-el-no-sibling'  ><div class='flex_cell_inner'><p>\n<style type=\"text\/css\" data-created_by=\"avia_inline_auto\" id=\"style-css-av-la87jqyb-dd8284e69c5e2840ab67c891acfef2b4\">\n#top .av-special-heading.av-la87jqyb-dd8284e69c5e2840ab67c891acfef2b4{\npadding-bottom:10px;\n}\nbody .av-special-heading.av-la87jqyb-dd8284e69c5e2840ab67c891acfef2b4 .av-special-heading-tag .heading-char{\nfont-size:25px;\n}\n.av-special-heading.av-la87jqyb-dd8284e69c5e2840ab67c891acfef2b4 .av-subheading{\nfont-size:15px;\n}\n<\/style>\n<div  class='av-special-heading av-la87jqyb-dd8284e69c5e2840ab67c891acfef2b4 av-special-heading-h2 blockquote modern-quote modern-centered  avia-builder-el-3  el_before_av_hr  avia-builder-el-first'><h2 class='av-special-heading-tag'  itemprop=\"headline\"  >Com Federar-se<\/h2><div class=\"special-heading-border\"><div class=\"special-heading-inner-border\"><\/div><\/div><\/div><br \/>\n\n<style type=\"text\/css\" data-created_by=\"avia_inline_auto\" id=\"style-css-av-la87kis8-c6ee7b76a7ae39d313dfc60ea64d5174\">\n#top .hr.av-la87kis8-c6ee7b76a7ae39d313dfc60ea64d5174{\nmargin-top:30px;\nmargin-bottom:30px;\n}\n.hr.av-la87kis8-c6ee7b76a7ae39d313dfc60ea64d5174 .hr-inner{\nwidth:50px;\nborder-color:#83a846;\n}\n<\/style>\n<div  class='hr av-la87kis8-c6ee7b76a7ae39d313dfc60ea64d5174 hr-custom  avia-builder-el-4  el_after_av_heading  el_before_av_one_fifth  hr-center hr-icon-no'><span class='hr-inner inner-border-av-border-fat'><span class=\"hr-inner-style\"><\/span><\/span><\/div><br \/>\n<div  class='flex_column av-av_one_fifth-a93934ecd89fbb8a9566d39e89cd3725 av_one_fifth  avia-builder-el-5  el_after_av_hr  el_before_av_three_fifth  first flex_column_div'     ><\/div><div  class='flex_column av-av_three_fifth-d06667205e6186ec8414c6eb7605d406 av_three_fifth  avia-builder-el-6  el_after_av_one_fifth  el_before_av_one_fifth  flex_column_div'     ><style type=\"text\/css\" data-created_by=\"avia_inline_auto\" id=\"style-css-av-lcszgvhj-a2cc3b8a3880b7bef2cc6ae52d6dc815\">\n.av_font_icon.av-lcszgvhj-a2cc3b8a3880b7bef2cc6ae52d6dc815{\ncolor:#83a846;\nborder-color:#83a846;\n}\n.av_font_icon.av-lcszgvhj-a2cc3b8a3880b7bef2cc6ae52d6dc815 .av-icon-char{\nfont-size:200px;\nline-height:200px;\n}\n<\/style>\n<span  class='av_font_icon av-lcszgvhj-a2cc3b8a3880b7bef2cc6ae52d6dc815 avia_animate_when_visible av-icon-style- avia-icon-pos-center avia-icon-animate'><span class='av-icon-char' aria-hidden='true' data-av_icon='\ue80c' data-av_iconfont='entypo-fontello' ><\/span><\/span><\/div><div  class='flex_column av-av_one_fifth-d06667205e6186ec8414c6eb7605d406 av_one_fifth  avia-builder-el-8  el_after_av_three_fifth  el_before_av_one_fifth  flex_column_div'     ><\/div><div  class='flex_column av-av_one_fifth-a93934ecd89fbb8a9566d39e89cd3725 av_one_fifth  avia-builder-el-9  el_after_av_one_fifth  el_before_av_three_fifth  first flex_column_div  column-top-margin'     ><\/div><div  class='flex_column av-av_three_fifth-d06667205e6186ec8414c6eb7605d406 av_three_fifth  avia-builder-el-10  el_after_av_one_fifth  el_before_av_one_fifth  flex_column_div  column-top-margin'     ><p><section  class='av_textblock_section av-av_textblock-e878f05c31dff72941bf1e49a00d9ff5'   itemscope=\"itemscope\" itemtype=\"https:\/\/schema.org\/CreativeWork\" ><div class='avia_textblock'  itemprop=\"text\" ><p>Poden ser membres de la FCAPA, les associacions de pares i mares de l'alumnat d'\u00e0mbit local o provincial, que estiguin legalment constitu\u00efdes a la Comunitat Valenciana, d'acord amb la legislaci\u00f3 vigent.<\/p>\n<p>La Federaci\u00f3, per mitj\u00e0 dels seus serveis administratius, sol\u00b7licitar\u00e0 als representants de les entitats peticion\u00e0ries, mitjan\u00e7ant escrit dirigit al seu president, que se li remetin els documents seg\u00fcents:<\/p>\n<blockquote>\n<p style=\"text-align: left;\"><strong>1. C\u00f2pia dels estatuts pels quals es regix l'entitat peticion\u00e0ria, aix\u00ed com de la dilig\u00e8ncia d'aprovaci\u00f3, n\u00famero de registre i d'identificaci\u00f3 fiscal.<\/strong><\/p>\n<p><strong>2. Certificaci\u00f3 de l'acord adoptat per l'\u00f2rgan de govern que corresponga segons els seus estatuts, en el qual haur\u00e0 de constar expressament la sol\u00b7licitud d'integraci\u00f3 en la Federaci\u00f3.<\/strong><\/p>\n<p><strong>3. Acreditaci\u00f3 documental i actualitzada dels membres integrants de la junta directiva o de l'\u00f2rgan de representaci\u00f3 segons els seus estatuts.<\/strong><\/p>\n<\/blockquote>\n<p>En qualsevol cas, ser\u00e0 requisit per a poder pert\u00e0nyer a la Federaci\u00f3, l'acceptaci\u00f3 expressa dels seus estatuts, dels reglaments o normes de desenrotllament que s'hagueren aprovat, aix\u00ed com dels acords vigents de l'assemblea general i de la junta directiva, v\u00e0lidament adoptats.<\/p>\n<\/div><\/section><br \/>\n\n<style type=\"text\/css\" data-created_by=\"avia_inline_auto\" id=\"style-css-av-27nupg-64c71529d942cc84a311f9d01848ed82\">\n#top .hr.hr-invisible.av-27nupg-64c71529d942cc84a311f9d01848ed82{\nheight:20px;\n}\n<\/style>\n<div  class='hr av-27nupg-64c71529d942cc84a311f9d01848ed82 hr-invisible  avia-builder-el-12  el_after_av_textblock  el_before_av_button'><span class='hr-inner'><span class=\"hr-inner-style\"><\/span><\/span><\/div><br \/>\n<div  class='avia-button-wrap av-la8l82wu-61b8f3dca007e0937e94fd0e3562ff3b-wrap avia-button-center  avia-builder-el-13  el_after_av_hr  avia-builder-el-last'><a href='https:\/\/www.fcapa-valencia.org\/ca\/?page_id=2539'  class='avia-button av-la8l82wu-61b8f3dca007e0937e94fd0e3562ff3b avia-icon_select-no avia-size-medium avia-position-center avia-color-theme-color'  ><span class='avia_iconbox_title' >Contactar<\/span><\/a><\/div><\/p><\/div><div  class='flex_column av-av_one_fifth-d06667205e6186ec8414c6eb7605d406 av_one_fifth  avia-builder-el-14  el_after_av_three_fifth  avia-builder-el-last  flex_column_div  column-top-margin'     ><\/div><\/p>\n<\/div><\/div><\/div>","protected":false},"excerpt":{"rendered":"","protected":false},"author":5,"featured_media":0,"parent":0,"menu_order":0,"comment_status":"closed","ping_status":"closed","template":"","meta":{"footnotes":""},"class_list":["post-2548","page","type-page","status-publish","hentry"],"_links":{"self":[{"href":"https:\/\/www.fcapa-valencia.org\/ca\/wp-json\/wp\/v2\/pages\/2548","targetHints":{"allow":["GET"]}}],"collection":[{"href":"https:\/\/www.fcapa-valencia.org\/ca\/wp-json\/wp\/v2\/pages"}],"about":[{"href":"https:\/\/www.fcapa-valencia.org\/ca\/wp-json\/wp\/v2\/types\/page"}],"author":[{"embeddable":true,"href":"https:\/\/www.fcapa-valencia.org\/ca\/wp-json\/wp\/v2\/users\/5"}],"replies":[{"embeddable":true,"href":"https:\/\/www.fcapa-valencia.org\/ca\/wp-json\/wp\/v2\/comments?post=2548"}],"version-history":[{"count":13,"href":"https:\/\/www.fcapa-valencia.org\/ca\/wp-json\/wp\/v2\/pages\/2548\/revisions"}],"predecessor-version":[{"id":3127,"href":"https:\/\/www.fcapa-valencia.org\/ca\/wp-json\/wp\/v2\/pages\/2548\/revisions\/3127"}],"wp:attachment":[{"href":"https:\/\/www.fcapa-valencia.org\/ca\/wp-json\/wp\/v2\/media?parent=2548"}],"curies":[{"name":"wp","href":"https:\/\/api.w.org\/{rel}","templated":true}]}}