{"id":2560,"date":"2022-11-08T14:00:19","date_gmt":"2022-11-08T13:00:19","guid":{"rendered":"https:\/\/www.fcapa-valencia.org\/?page_id=2560"},"modified":"2025-11-27T09:52:36","modified_gmt":"2025-11-27T08:52:36","slug":"quienes-somos","status":"publish","type":"page","link":"https:\/\/www.fcapa-valencia.org\/ca\/quienes-somos\/","title":{"rendered":"Qui\u00e9nes somos"},"content":{"rendered":"<style type=\"text\/css\" data-created_by=\"avia_inline_auto\" id=\"style-css-av-lbdiqwj0-d2e7fe07b0612421d54afc9d36529d85\">\n#top .hr.hr-invisible.av-lbdiqwj0-d2e7fe07b0612421d54afc9d36529d85{\nheight:20px;\n}\n<\/style>\n<div  class='hr av-lbdiqwj0-d2e7fe07b0612421d54afc9d36529d85 hr-invisible  avia-builder-el-0  el_before_av_section  avia-builder-el-no-sibling'><span class='hr-inner'><span class=\"hr-inner-style\"><\/span><\/span><\/div>\n<\/div><\/div><\/div><!-- close content main div --><\/div><\/div><div id='av_section_1'  class='avia-section av-2dtwjk-f1492df47ff4e12a9db8015da182c1b0 main_color avia-section-default avia-no-border-styling  avia-builder-el-1  el_after_av_hr  avia-builder-el-last  avia-bg-style-scroll container_wrap fullsize'  ><div class='container av-section-cont-open' ><div class='template-page content  av-content-full alpha units'><div class='post-entry post-entry-type-page post-entry-2560'><div class='entry-content-wrapper clearfix'>\n<section  class='av_textblock_section av-la87zkzh-2429733074578c863f3e7ae3fd38ed1a'   itemscope=\"itemscope\" itemtype=\"https:\/\/schema.org\/CreativeWork\" ><div class='avia_textblock'  itemprop=\"text\" ><p><strong>QUI\u00c9NES SOMOS<\/strong><\/p>\n<hr \/>\n<p>Por el hecho de haber dado la vida a sus hijos, los padres tienen el derecho originario, primario e inalienable de educarlos y, por esta raz\u00f3n, ellos deben ser reconocidos como los primeros y principales educadores de sus hijos, de manera que, entre otros derechos, puedan educarlos conforme a sus convicciones y puedan recibir una formaci\u00f3n religiosa en el sistema educativo.<\/p>\n<p><strong>1 de abril de 1950.\u00a0<\/strong>Se erige la Federaci\u00f3n Cat\u00f3lica de Valencia, por Decreto firmado por el Excmo. y Rvdmo. Sr. Arzobispo de Valencia, D. Marcelino Olaechea y Loizaga.<\/p>\n<p><strong>25 de enero de 1973.<\/strong> La Federaci\u00f3n Cat\u00f3lica de Padres de Familia pasa a denominarse Federaci\u00f3n Cat\u00f3lica de Asociaciones de Padres de Alumnos, debido a la creaci\u00f3n de Asociaciones de Padres de Alumnos en los centros escolares y a la integraci\u00f3n de las mismas en esta Federaci\u00f3n, firm\u00e1ndose el oportuno Decreto de erecci\u00f3n por el Excmo. y Rvdmo. Sr. Arzobispo de Valencia, D. Jos\u00e9 Mar\u00eda Garc\u00eda Lahiguera.<\/p>\n<p><strong>18 de junio de 1976.<\/strong> La Federaci\u00f3n Cat\u00f3lica de Asociaciones de Padres de Alumnos de Valencia queda inscrita en el Registro General de Asociaciones.<\/p>\n<p><strong>29 de febrero de 2020.<\/strong> Se erige la APA Sagrada Familia de Centros P\u00fablicos en la provincia de Valencia (APASAFA) para aglutinar y dar servicio a las familias cat\u00f3licas que lo deseen, representando, asesorando y defendiendo sus derechos en el \u00e1mbito de la ense\u00f1anza p\u00fablica.<\/p>\n<p><strong>3 de noviembre de 2020.\u00a0<\/strong>La APA Sagrada Familia de Centros P\u00fablicos en la provincia de Valencia queda inscrita en el Registro auton\u00f3mico de Asociaciones.<\/p>\n<p>Actualmente estamos integrados en:<\/p>\n<p style=\"padding-left: 40px;\"><strong>\u203a<\/strong> Confederaci\u00f3n de Padres de Alumnos de la Comunidad Valenciana (CONCAPA-CV).<\/p>\n<p><span style=\"color: #ffffff;\">.<\/span><\/p>\n<p><strong>QU\u00c9 OFRECEMOS<\/strong><\/p>\n<hr \/>\n<p><strong> Informaci\u00f3n peri\u00f3dica.<\/strong> Sobre todas aquellas cuestiones que se consideren de inter\u00e9s relativas a:<\/p>\n<p style=\"padding-left: 40px;\"><strong>\u203a<\/strong> Disposiciones oficiales.- Subvenciones p\u00fablicas, \u00f3rdenes, decretos, protecci\u00f3n de datos, etc.<\/p>\n<p style=\"padding-left: 40px;\"><strong>\u203a\u00a0<\/strong>Actividades.- Concierto de corales, concursos de cuentos, de belenes y felicitaciones, asambleas generales, etc.<\/p>\n<p style=\"padding-left: 40px;\"><strong>\u203a <\/strong>Actos socio-culturales.- Concursos, conferencias, ponencias, celebraciones, etc.<\/p>\n<p style=\"padding-left: 40px;\"><strong>\u203a <\/strong>Convenios.- Educativo, cl\u00ednico, financiero, l\u00fadico, responsabilidad civil, etc.<\/p>\n<p><strong>Asesoramiento.<\/strong> En el \u00e1mbito educativo y asociativo:<\/p>\n<p style=\"padding-left: 40px;\"><strong>\u203a<\/strong> En materia de tipo jur\u00eddico, contable, tributario &#8211; fiscal.<\/p>\n<p style=\"padding-left: 40px;\"><strong>\u203a<\/strong> En la obtenci\u00f3n, redacci\u00f3n, presentaci\u00f3n y seguimiento de cualquier documento oficial.<\/p>\n<p style=\"padding-left: 40px;\"><strong>\u203a<\/strong> En la mediaci\u00f3n, defensa y representaci\u00f3n ante cualquier instituci\u00f3n administrativa o ante cualquier problema burocr\u00e1tico o judicial.<\/p>\n<p><strong>Formaci\u00f3n.\u00a0<\/strong>Impartida por docentes universitarios y de ense\u00f1anza b\u00e1sica obligatoria de reconocida experiencia, dirigida espec\u00edficamente a padres, alumnos y profesores. <a href=\"https:\/\/www.fcapa-valencia.org\/ca\/formacion\/\">Ampl\u00eda informaci\u00f3n aqu\u00ed<\/a>.<\/p>\n<p><strong>Gesti\u00f3n.<\/strong> Asesoramiento y seguimiento de la documentaci\u00f3n y del estado de nuestras asociaciones en cualquier organismo oficial.<\/p>\n<p><strong>Representaci\u00f3n.<\/strong> Defendiendo los intereses de nuestras Asociaciones en Instituciones p\u00fablicas, como el Consejo Escolar de la Comunidad Valenciana, la Comisi\u00f3n de Conciertos o las Comisiones Municipales de escolarizaci\u00f3n, as\u00ed como ante cualquier instancia judicial o administrativa.<\/p>\n<p>Para poder llevar a cabo todos estos servicios, la Federaci\u00f3n ha percibido las siguientes ayudas de la Administraci\u00f3n P\u00fablica:<\/p>\n<ul>\n<li>Diputaci\u00f3n Provincial de Valencia. Proyecto formativo madres y padres con hijos en edad escolar \u00abSalud mental y adicciones en educaci\u00f3n\u00bb, 2025: 20.000 \u20ac.<\/li>\n<li>Conselleria de Educaci\u00f3n, Cultura, Universidades y Empleo. Subvenci\u00f3n para financiar los gastos de funcionamiento y el fomento de actividades de participaci\u00f3n, asociaci\u00f3n, formaci\u00f3n e inclusi\u00f3n de familias de alumnado, 2025: 15.615,58 \u20ac.<\/li>\n<\/ul>\n<p><span style=\"color: #ffffff;\">.<\/span><\/p>\n<p><strong>FINALIDADES<\/strong><\/p>\n<hr \/>\n<p><strong>EDUCATIVAS<\/strong><\/p>\n<p style=\"padding-left: 40px;\"><strong>\u203a\u00a0<\/strong>Escolarizaci\u00f3n total en los niveles obligatorios.<\/p>\n<p style=\"padding-left: 40px;\"><strong>\u203a <\/strong>Gratuidad en los niveles b\u00e1sicos y obligatorios, equiparando la escuela p\u00fablica con la de iniciativa social.<\/p>\n<p style=\"padding-left: 40px;\"><strong>\u203a\u00a0<\/strong>Igualdad de oportunidades que haga posible el derecho real de elecci\u00f3n.<\/p>\n<p style=\"padding-left: 40px;\"><strong>\u203a\u00a0<\/strong>Participaci\u00f3n efectiva en la escuela de todos los sectores implicados en el proceso educativo.<\/p>\n<p><strong>ASOCIATIVAS<\/strong><\/p>\n<p style=\"padding-left: 40px;\"><strong>\u203a\u00a0<\/strong>Colaborar y ayudar a las Asociaciones en aquello que precisen para el cumplimiento de sus fines y actividades.<\/p>\n<p style=\"padding-left: 40px;\"><strong>\u203a <\/strong>Informar, asesorar y formar a las Asociaciones en todo aquello que se considere interesante para su adecuado funcionamiento.<\/p>\n<p style=\"padding-left: 40px;\"><strong>\u203a\u00a0<\/strong>Interrelacionar a las Asociaciones, facilitando un mutuo intercambio de experiencias y conocimientos.<\/p>\n<p style=\"padding-left: 40px;\"><strong>\u203a\u00a0<\/strong>Representar y defender los intereses generales de los padres y de sus Asociaciones ante cualquier instancia educativa, tanto en el propio centro escolar como en el \u00e1mbito local, municipal o auton\u00f3mico.<\/p>\n<p><strong>FAMILIARES<\/strong><\/p>\n<p style=\"padding-left: 40px;\"><strong>\u203a\u00a0<\/strong>Promover y facilitar a los padres el efectivo ejercicio de sus derechos y el cumplimiento de sus deberes.<\/p>\n<p style=\"padding-left: 40px;\"><strong>\u203a\u00a0<\/strong>Defender los derechos esenciales y naturales de la familia ante cualquier instancia, p\u00fablica o privada.<\/p>\n<p style=\"padding-left: 40px;\"><strong>\u203a\u00a0<\/strong>Promover y facilitar el derecho que tienen los padres a educar a sus hijos conforme a sus convicciones morales y religiosas, teniendo presentes las tradiciones culturales de la familia.<\/p>\n<p style=\"padding-left: 40px;\"><strong>\u203a\u00a0<\/strong>Defender el derecho de elegir libremente las escuelas u otros medios necesarios para educar a sus hijos seg\u00fan sus conciencias.<\/p>\n<p><span style=\"color: #ffffff;\">.<\/span><\/p>\n<p><strong>\u00d3RGANO DE GOBIERNO<\/strong><\/p>\n<hr \/>\n<p>El pasado 17 de septiembre de 2025, en Junta Directiva, se modific\u00f3 el \u00f3rgano de gobierno de la Federaci\u00f3n, quedando constituido por los miembros siguientes:<\/p>\n<p>Presidencia. Noem\u00ed Javaloyes Dom\u00e9nech<\/p>\n<p>Vicepresidencia. David Bueno Carrillo<\/p>\n<p>Tesorer\u00eda. Alberto Bayona Bou<\/p>\n<p>Secretar\u00eda. Miguel \u00c1ngel Sancho Gea<\/p>\n<p><span style=\"color: #ffffff;\">.<\/span><\/p>\n<\/div><\/section>","protected":false},"excerpt":{"rendered":"","protected":false},"author":5,"featured_media":0,"parent":0,"menu_order":0,"comment_status":"closed","ping_status":"closed","template":"","meta":{"footnotes":""},"class_list":["post-2560","page","type-page","status-publish","hentry"],"_links":{"self":[{"href":"https:\/\/www.fcapa-valencia.org\/ca\/wp-json\/wp\/v2\/pages\/2560","targetHints":{"allow":["GET"]}}],"collection":[{"href":"https:\/\/www.fcapa-valencia.org\/ca\/wp-json\/wp\/v2\/pages"}],"about":[{"href":"https:\/\/www.fcapa-valencia.org\/ca\/wp-json\/wp\/v2\/types\/page"}],"author":[{"embeddable":true,"href":"https:\/\/www.fcapa-valencia.org\/ca\/wp-json\/wp\/v2\/users\/5"}],"replies":[{"embeddable":true,"href":"https:\/\/www.fcapa-valencia.org\/ca\/wp-json\/wp\/v2\/comments?post=2560"}],"version-history":[{"count":15,"href":"https:\/\/www.fcapa-valencia.org\/ca\/wp-json\/wp\/v2\/pages\/2560\/revisions"}],"predecessor-version":[{"id":39680,"href":"https:\/\/www.fcapa-valencia.org\/ca\/wp-json\/wp\/v2\/pages\/2560\/revisions\/39680"}],"wp:attachment":[{"href":"https:\/\/www.fcapa-valencia.org\/ca\/wp-json\/wp\/v2\/media?parent=2560"}],"curies":[{"name":"wp","href":"https:\/\/api.w.org\/{rel}","templated":true}]}}