{"id":2743,"date":"2022-12-07T11:11:58","date_gmt":"2022-12-07T10:11:58","guid":{"rendered":"https:\/\/www.fcapa-valencia.org\/?page_id=2743"},"modified":"2022-12-13T20:35:57","modified_gmt":"2022-12-13T19:35:57","slug":"aviso-legal","status":"publish","type":"page","link":"https:\/\/www.fcapa-valencia.org\/ca\/aviso-legal\/","title":{"rendered":"Av\u00eds Legal"},"content":{"rendered":"<style type=\"text\/css\" data-created_by=\"avia_inline_auto\" id=\"style-css-av-lbdhqcbh-918ae7cc3348360a9a79edddff61b8ad\">\n#top .hr.hr-invisible.av-lbdhqcbh-918ae7cc3348360a9a79edddff61b8ad{\nheight:20px;\n}\n<\/style>\n<div  class='hr av-lbdhqcbh-918ae7cc3348360a9a79edddff61b8ad hr-invisible  avia-builder-el-0  el_before_av_one_full  avia-builder-el-first'><span class='hr-inner'><span class=\"hr-inner-style\"><\/span><\/span><\/div>\n<div  class='flex_column av-22ab9j-47992abc522b9922f1e99603d1937505 av_one_full  avia-builder-el-1  el_after_av_hr  avia-builder-el-last  first flex_column_div'     ><section  class='av_textblock_section av-lbdhq0ld-c49c385275fc46ac3ee987ef6c1618eb'   itemscope=\"itemscope\" itemtype=\"https:\/\/schema.org\/CreativeWork\" ><div class='avia_textblock'  itemprop=\"text\" ><p>Aquesta p\u00e0gina web \u00e9s titularitat de la Federaci\u00f3 Cat\u00f2lica d'Associacions de Pares d'Alumnes de Val\u00e8ncia (FCAPA), amb NIF G46701074, domicili situat al carrer dels Cavallers n\u00fam. 29-2 (46001 Val\u00e8ncia), tel\u00e8fon 961057089, p\u00e0gina web: https:\/\/www.fcapa-valencia.org.<\/p>\n<p>La FCAPA est\u00e0 inscrita a la secci\u00f3 2a del Registre Nacional d'Associacions amb el n\u00fam. 143, al Registre Auton\u00f2mic d'Associacions amb el n\u00fam. F-4, a la secci\u00f3 2a del Registre Municipal d'Entitats Ciutadanes de Val\u00e8ncia amb el n\u00fam. 1233, a la secci\u00f3 A del Registre de Titulars d'Acci\u00f3 Social amb el n\u00fam. pares d'alumnes (CEICE) amb el n\u00fam. 506.<\/p>\n<h2><strong>Propietat intel\u00b7lectual i industrial<\/strong><\/h2>\n<p>El disseny del portal i els seus codis font, aix\u00ed com els logos, marques i altres signes distintius que apareixen en el mateix pertanyen a la FCAPA i estan protegits pels corresponents drets de propietat intel\u00b7lectual i industrial.<\/p>\n<h2><strong>Responsabilitat dels continguts<\/strong><\/h2>\n<p>La FCAPA no es fa responsable de la legalitat d'altres llocs web de tercers des dels quals puga accedir-se al portal web. La FCAPA tampoc respon per la legalitat d'altres llocs web de tercers, que pogueren estar vinculats o enlla\u00e7ats des d'este portal.<\/p>\n<p>La FCAPA es reserva el dret a fer canvis en el lloc web sense previ av\u00eds, a fi de mantindre actualitzada la seua informaci\u00f3, afegint, modificant, corregint o eliminant\u00a0els continguts publicats o el disseny del portal.<\/p>\n<p>La FCAPA no ser\u00e0 responsable de l'\u00fas que tercers facen de la informaci\u00f3 publicada en el portal, ni tampoc dels danys patits o p\u00e8rdues econ\u00f2miques que, de manera directa o indirecta, produ\u00efsquen o puguen produir perju\u00eds econ\u00f2mics, materials o sobre dades, provocats per l'\u00fas d'esta informaci\u00f3.<\/p>\n<h2><strong>Reproducci\u00f3 de continguts<\/strong><\/h2>\n<p>Es prohibix la reproducci\u00f3 total o parcial dels continguts publicats en el portal, excepte expressa autoritzaci\u00f3 pr\u00e8via de la FCAPA que es pot sol\u00b7licitar per escrit dirigint-se al correu electr\u00f2nic de contacte indicat.<\/p>\n<h2><strong>Seu Electr\u00f2nica<\/strong><\/h2>\n<p>La FCAPA es responsabilitza de la integritat, veracitat i actualitzaci\u00f3 de la informaci\u00f3 a la qual es pot accedir a trav\u00e9s de la web.<\/p>\n<h2><strong>Llei aplicable<\/strong><\/h2>\n<p>La llei aplicable en cas de disputa o conflicte d'interpretaci\u00f3 dels termes que conformen este av\u00eds legal, aix\u00ed com qualsevol q\u00fcesti\u00f3 relacionada amb els servicis del present portal, ser\u00e0 la llei espanyola.<\/p>\n<\/div><\/section><\/div>","protected":false},"excerpt":{"rendered":"","protected":false},"author":5,"featured_media":0,"parent":0,"menu_order":0,"comment_status":"closed","ping_status":"closed","template":"","meta":{"footnotes":""},"class_list":["post-2743","page","type-page","status-publish","hentry"],"_links":{"self":[{"href":"https:\/\/www.fcapa-valencia.org\/ca\/wp-json\/wp\/v2\/pages\/2743","targetHints":{"allow":["GET"]}}],"collection":[{"href":"https:\/\/www.fcapa-valencia.org\/ca\/wp-json\/wp\/v2\/pages"}],"about":[{"href":"https:\/\/www.fcapa-valencia.org\/ca\/wp-json\/wp\/v2\/types\/page"}],"author":[{"embeddable":true,"href":"https:\/\/www.fcapa-valencia.org\/ca\/wp-json\/wp\/v2\/users\/5"}],"replies":[{"embeddable":true,"href":"https:\/\/www.fcapa-valencia.org\/ca\/wp-json\/wp\/v2\/comments?post=2743"}],"version-history":[{"count":2,"href":"https:\/\/www.fcapa-valencia.org\/ca\/wp-json\/wp\/v2\/pages\/2743\/revisions"}],"predecessor-version":[{"id":2915,"href":"https:\/\/www.fcapa-valencia.org\/ca\/wp-json\/wp\/v2\/pages\/2743\/revisions\/2915"}],"wp:attachment":[{"href":"https:\/\/www.fcapa-valencia.org\/ca\/wp-json\/wp\/v2\/media?parent=2743"}],"curies":[{"name":"wp","href":"https:\/\/api.w.org\/{rel}","templated":true}]}}